{"id":40954,"date":"2022-02-03T12:01:25","date_gmt":"2022-02-03T11:01:25","guid":{"rendered":"https:\/\/www.parispackagingweek.com\/visit\/hotels\/"},"modified":"2025-05-23T10:16:01","modified_gmt":"2025-05-23T08:16:01","slug":"hotels","status":"publish","type":"page","link":"https:\/\/www.parispackagingweek.com\/en\/visit\/prepare-your-visit\/hotels\/","title":{"rendered":"Hotels"},"content":{"rendered":"\t\t<div data-elementor-type=\"wp-page\" data-elementor-id=\"40954\" class=\"elementor elementor-40954 elementor-91\" data-elementor-post-type=\"page\">\n\t\t\t\t\t\t<section class=\"elementor-section elementor-top-section elementor-element elementor-element-26cd3fb elementor-section-full_width elementor-section-height-default elementor-section-height-default\" data-id=\"26cd3fb\" data-element_type=\"section\">\n\t\t\t\t\t\t<div class=\"elementor-container elementor-column-gap-default\">\n\t\t\t\t\t<div class=\"elementor-column elementor-col-100 elementor-top-column elementor-element elementor-element-c876392\" data-id=\"c876392\" data-element_type=\"column\">\n\t\t\t<div class=\"elementor-widget-wrap elementor-element-populated\">\n\t\t\t\t\t\t<div class=\"elementor-element elementor-element-4ba16b4 elementor-widget elementor-widget-hotel-map\" data-id=\"4ba16b4\" data-element_type=\"widget\" data-widget_type=\"hotel-map.default\">\n\t\t\t\t<div class=\"elementor-widget-container\">\n\t\t\t\t\t        <script async src=\"https:\/\/hotelmap.com\/api\/html\/v2\/listing?m=M43L5\" type=\"text\/javascript\" id=\"hotelmap_script\"><\/script>\n        \t\t\t\t<\/div>\n\t\t\t\t<\/div>\n\t\t\t\t\t<\/div>\n\t\t<\/div>\n\t\t\t\t\t<\/div>\n\t\t<\/section>\n\t\t\t\t<\/div>\n\t\t","protected":false},"excerpt":{"rendered":"","protected":false},"author":1,"featured_media":0,"parent":3635,"menu_order":0,"comment_status":"closed","ping_status":"closed","template":"","meta":{"_seopress_robots_primary_cat":"","_seopress_titles_title":"Paris Packaging Week |  Hotels","_seopress_titles_desc":"D\u00e9couvrez les h\u00f4tels \u00e0 proximit\u00e9 de Paris Expo Porte de Versailles pour visiter Paris Packaging Week ","_seopress_robots_index":"","footnotes":""},"class_list":["post-40954","page","type-page","status-publish","hentry"],"_links":{"self":[{"href":"https:\/\/www.parispackagingweek.com\/en\/wp-json\/wp\/v2\/pages\/40954","targetHints":{"allow":["GET"]}}],"collection":[{"href":"https:\/\/www.parispackagingweek.com\/en\/wp-json\/wp\/v2\/pages"}],"about":[{"href":"https:\/\/www.parispackagingweek.com\/en\/wp-json\/wp\/v2\/types\/page"}],"author":[{"embeddable":true,"href":"https:\/\/www.parispackagingweek.com\/en\/wp-json\/wp\/v2\/users\/1"}],"replies":[{"embeddable":true,"href":"https:\/\/www.parispackagingweek.com\/en\/wp-json\/wp\/v2\/comments?post=40954"}],"version-history":[{"count":4,"href":"https:\/\/www.parispackagingweek.com\/en\/wp-json\/wp\/v2\/pages\/40954\/revisions"}],"predecessor-version":[{"id":99417,"href":"https:\/\/www.parispackagingweek.com\/en\/wp-json\/wp\/v2\/pages\/40954\/revisions\/99417"}],"up":[{"embeddable":true,"href":"https:\/\/www.parispackagingweek.com\/en\/wp-json\/wp\/v2\/pages\/3635"}],"wp:attachment":[{"href":"https:\/\/www.parispackagingweek.com\/en\/wp-json\/wp\/v2\/media?parent=40954"}],"curies":[{"name":"wp","href":"https:\/\/api.w.org\/{rel}","templated":true}]}}