{"id":153,"date":"2021-11-03T17:02:04","date_gmt":"2021-11-03T16:02:04","guid":{"rendered":"https:\/\/www.parispackagingweek.com\/?page_id=153"},"modified":"2025-11-13T17:04:36","modified_gmt":"2025-11-13T16:04:36","slug":"candidatez-aux-awards","status":"publish","type":"page","link":"https:\/\/www.parispackagingweek.com\/fr\/awards\/candidatez-aux-awards\/","title":{"rendered":"Candidatez aux Awards"},"content":{"rendered":"\t\t<div data-elementor-type=\"wp-page\" data-elementor-id=\"153\" class=\"elementor elementor-153\" data-elementor-post-type=\"page\">\n\t\t\t\t\t\t<section class=\"elementor-section elementor-top-section elementor-element elementor-element-167ed85 elementor-section-full_width elementor-section-height-default elementor-section-height-default\" data-id=\"167ed85\" data-element_type=\"section\" data-settings=\"{&quot;background_background&quot;:&quot;classic&quot;,&quot;background_motion_fx_motion_fx_scrolling&quot;:&quot;yes&quot;,&quot;background_motion_fx_devices&quot;:[&quot;desktop&quot;,&quot;tablet&quot;,&quot;mobile&quot;]}\">\n\t\t\t\t\t\t\t<div class=\"elementor-background-overlay\"><\/div>\n\t\t\t\t\t\t\t<div class=\"elementor-container elementor-column-gap-default\">\n\t\t\t\t\t<div class=\"elementor-column elementor-col-100 elementor-top-column elementor-element elementor-element-c5956f3\" data-id=\"c5956f3\" data-element_type=\"column\">\n\t\t\t<div class=\"elementor-widget-wrap elementor-element-populated\">\n\t\t\t\t\t\t<div class=\"elementor-element elementor-element-a57b6ca elementor-widget elementor-widget-heading\" data-id=\"a57b6ca\" data-element_type=\"widget\" data-widget_type=\"heading.default\">\n\t\t\t\t<div class=\"elementor-widget-container\">\n\t\t\t\t\t<h1 class=\"elementor-heading-title elementor-size-default\">Candidatez aux Innovation Awards<\/h1>\t\t\t\t<\/div>\n\t\t\t\t<\/div>\n\t\t\t\t<div class=\"elementor-element elementor-element-28af6b7 elementor-align-center elementor-widget elementor-widget-dynamic-button\" data-id=\"28af6b7\" data-element_type=\"widget\" data-widget_type=\"dynamic-button.default\">\n\t\t\t\t<div class=\"elementor-widget-container\">\n\t\t\t\t\t        <div class=\"elementor-button-wrapper\">\n            <a href=\"https:\/\/www.parispackagingweek.com\/fr\/awards\/\" class=\"elementor-button-link elementor-button elementor-size-xl\" role=\"button\">\n                        <span class=\"elementor-button-content-wrapper\">\n\t\t\t                <span class=\"elementor-button-icon elementor-align-icon-right\">\n\t\t\t\t<i aria-hidden=\"true\" class=\"fas fa-chevron-right\"><\/i>\t\t\t<\/span>\n            \t\t\t<span class=\"elementor-button-text\">\u00e0 propos des awards<\/span>\n\t\t<\/span>\n                    <\/a>\n        <\/div>\n        \t\t\t\t<\/div>\n\t\t\t\t<\/div>\n\t\t\t\t\t<\/div>\n\t\t<\/div>\n\t\t\t\t\t<\/div>\n\t\t<\/section>\n\t\t\t\t<section class=\"elementor-section elementor-top-section elementor-element elementor-element-0f3a5f5 elementor-section-boxed elementor-section-height-default elementor-section-height-default\" data-id=\"0f3a5f5\" data-element_type=\"section\">\n\t\t\t\t\t\t<div class=\"elementor-container elementor-column-gap-default\">\n\t\t\t\t\t<div class=\"elementor-column elementor-col-100 elementor-top-column elementor-element elementor-element-67bac57\" data-id=\"67bac57\" data-element_type=\"column\">\n\t\t\t<div class=\"elementor-widget-wrap elementor-element-populated\">\n\t\t\t\t\t\t<section class=\"elementor-section elementor-inner-section elementor-element elementor-element-3fe3c9b elementor-section-full_width elementor-section-height-default elementor-section-height-default\" data-id=\"3fe3c9b\" data-element_type=\"section\">\n\t\t\t\t\t\t<div class=\"elementor-container elementor-column-gap-default\">\n\t\t\t\t\t<div class=\"elementor-column elementor-col-100 elementor-inner-column elementor-element elementor-element-9cdb284\" data-id=\"9cdb284\" data-element_type=\"column\">\n\t\t\t<div class=\"elementor-widget-wrap elementor-element-populated\">\n\t\t\t\t\t\t<div class=\"elementor-element elementor-element-f1a9f24 elementor-hidden-desktop elementor-hidden-tablet elementor-hidden-mobile elementor-widget elementor-widget-heading\" data-id=\"f1a9f24\" data-element_type=\"widget\" data-widget_type=\"heading.default\">\n\t\t\t\t<div class=\"elementor-widget-container\">\n\t\t\t\t\t<h2 class=\"elementor-heading-title elementor-size-default\">Les inscriptions sont d\u00e9sormais closes<\/h2>\t\t\t\t<\/div>\n\t\t\t\t<\/div>\n\t\t\t\t<div class=\"elementor-element elementor-element-4de251b elementor-widget elementor-widget-heading\" data-id=\"4de251b\" data-element_type=\"widget\" data-widget_type=\"heading.default\">\n\t\t\t\t<div class=\"elementor-widget-container\">\n\t\t\t\t\t<h2 class=\"elementor-heading-title elementor-size-default\">Les candidatures sont ferm\u00e9es<\/h2>\t\t\t\t<\/div>\n\t\t\t\t<\/div>\n\t\t\t\t<div class=\"elementor-element elementor-element-eb752ab elementor-hidden-desktop elementor-hidden-tablet elementor-hidden-mobile elementor-widget elementor-widget-text-editor\" data-id=\"eb752ab\" data-element_type=\"widget\" data-widget_type=\"text-editor.default\">\n\t\t\t\t<div class=\"elementor-widget-container\">\n\t\t\t\t\t\t\t\t\t<p>Suivez ces \u00e9tapes pour candidater aux Paris Packaging Week Innovation Awards :\u00a0<\/p><ul><li>Tout d\u2019abord, s\u00e9lectionnez le nombre de candidature(s) que vous souhaitez pr\u00e9senter dans chaque cat\u00e9gorie en utilisant le menu d\u00e9roulant.<\/li><li>Lorsque vous \u00eates pr\u00eat, cliquez sur le bouton <span style=\"background-color: transparent; color: var( --e-global-color-text ); font-weight: bold;\">\u00ab Register \u00bb<\/span>\u00a0et compl\u00e9tez vos coordonn\u00e9es.<\/li><li><span style=\"background-color: transparent; color: var( --e-global-color-text );\">Enfin, cliquez sur le bouton <\/span><span style=\"background-color: transparent; color: var( --e-global-color-text ); font-weight: bold;\">\u00ab Acc\u00e9der \u00e0 votre candidature \u00bb.<\/span><span style=\"background-color: transparent; color: var( --e-global-color-text );\"><span style=\"background-color: transparent; color: var( --e-global-color-text );\">\u00a0Vous serez dirig\u00e9(e) vers le portail d\u2019inscriptions o\u00f9 vous pourrez compl\u00e9ter votre candidature.<\/span><\/span><\/li><\/ul><p><span style=\"color: var( --e-global-color-text );\"><br \/>Avant de commencer, merci de noter que les informations suivantes vous seront demand\u00e9es :<\/span><\/p><ul><li><b>3 images haute r\u00e9solution de l\u2019emballage<\/b> (\u00e0 t\u00e9l\u00e9charger lors de votre candidature).<\/li><li>Merci de bien vouloir nous envoyer <strong><b><span style=\"background-color: transparent;\">3* \u00e9chantillons<\/span><\/b><\/strong> de votre ou vos produits au bureau de la Paris Packaging Week \u00e0 l&rsquo;attention de Christelle Anya, Easyfairs Oriex, 29 rue de Tr\u00e9vise, 75009, Paris, France au plus tard le<strong><b> 12 novembre 2025. <span style=\"background-color: transparent;\">Aucune candidature ne sera \u00e9tudi\u00e9e par les membres du jury sans les 3 \u00e9chantillons.<\/span><\/b><\/strong><\/li><li><span data-teams=\"true\"><b>*\u00c0 noter : <\/b>si vous participez aux Packaging Premi\u00e8re Innovation Awards, un seul \u00e9chantillon physique est requis.<\/span>\u00a0<span style=\"background-color: transparent;\">\u00a0<\/span><\/li><\/ul>\t\t\t\t\t\t\t\t<\/div>\n\t\t\t\t<\/div>\n\t\t\t\t<div class=\"elementor-element elementor-element-1c36c7b elementor-align-center elementor-hidden-desktop elementor-hidden-tablet elementor-hidden-mobile elementor-widget elementor-widget-dynamic-button\" data-id=\"1c36c7b\" data-element_type=\"widget\" data-settings=\"{&quot;_animation&quot;:&quot;none&quot;}\" data-widget_type=\"dynamic-button.default\">\n\t\t\t\t<div class=\"elementor-widget-container\">\n\t\t\t\t\t        <div class=\"elementor-button-wrapper\">\n            <a href=\"https:\/\/\" class=\"elementor-button-link elementor-button elementor-size-sm elementor-animation-grow\" role=\"button\">\n                        <span class=\"elementor-button-content-wrapper\">\n\t\t\t                <span class=\"elementor-button-icon elementor-align-icon-right\">\n\t\t\t\t<i aria-hidden=\"true\" class=\"fas fa-angle-right\"><\/i>\t\t\t<\/span>\n            \t\t\t<span class=\"elementor-button-text\">Click here<\/span>\n\t\t<\/span>\n                    <\/a>\n        <\/div>\n        \t\t\t\t<\/div>\n\t\t\t\t<\/div>\n\t\t\t\t\t<\/div>\n\t\t<\/div>\n\t\t\t\t\t<\/div>\n\t\t<\/section>\n\t\t\t\t\t<\/div>\n\t\t<\/div>\n\t\t\t\t\t<\/div>\n\t\t<\/section>\n\t\t\t\t<section class=\"elementor-section elementor-top-section elementor-element elementor-element-01de47c elementor-hidden-desktop elementor-hidden-tablet elementor-hidden-mobile elementor-section-boxed elementor-section-height-default elementor-section-height-default\" data-id=\"01de47c\" data-element_type=\"section\">\n\t\t\t\t\t\t<div class=\"elementor-container elementor-column-gap-default\">\n\t\t\t\t\t<div class=\"elementor-column elementor-col-100 elementor-top-column elementor-element elementor-element-bd850f8\" data-id=\"bd850f8\" data-element_type=\"column\">\n\t\t\t<div class=\"elementor-widget-wrap elementor-element-populated\">\n\t\t\t\t\t\t<div class=\"elementor-element elementor-element-0da0216 elementor-widget elementor-widget-html\" data-id=\"0da0216\" data-element_type=\"widget\" data-widget_type=\"html.default\">\n\t\t\t\t<div class=\"elementor-widget-container\">\n\t\t\t\t\t\n<script src=\"https:\/\/cdn.evalato.com\/build\/frontend\/registration-form-embed.js?v2.8\"><\/script><iframe src=\"https:\/\/pro.evalato.com\/10129\/form\" id=\"evalato_embed_10129\" frameBorder=\"0\" width=\"100%\" height=\"450\" scrolling=\"no\"><\/iframe>\t\t\t\t<\/div>\n\t\t\t\t<\/div>\n\t\t\t\t\t<\/div>\n\t\t<\/div>\n\t\t\t\t\t<\/div>\n\t\t<\/section>\n\t\t\t\t<\/div>\n\t\t","protected":false},"excerpt":{"rendered":"<p>Candidatez aux Innovation Awards \u00e0 propos des awards Les inscriptions sont d\u00e9sormais closes Les candidatures sont ferm\u00e9es Suivez ces \u00e9tapes pour candidater aux Paris Packaging Week Innovation Awards :\u00a0 Tout d\u2019abord, s\u00e9lectionnez le nombre de candidature(s) que vous souhaitez pr\u00e9senter dans chaque cat\u00e9gorie en utilisant le menu d\u00e9roulant. Lorsque vous \u00eates pr\u00eat, cliquez sur le [&hellip;]<\/p>\n","protected":false},"author":1,"featured_media":0,"parent":144,"menu_order":0,"comment_status":"closed","ping_status":"closed","template":"","meta":{"_seopress_robots_primary_cat":"","_seopress_titles_title":"Paris Packaging Week | Candidatez aux Awards","_seopress_titles_desc":"Candidatez aux Innovation Awards","_seopress_robots_index":"","footnotes":""},"class_list":["post-153","page","type-page","status-publish","hentry"],"_links":{"self":[{"href":"https:\/\/www.parispackagingweek.com\/fr\/wp-json\/wp\/v2\/pages\/153","targetHints":{"allow":["GET"]}}],"collection":[{"href":"https:\/\/www.parispackagingweek.com\/fr\/wp-json\/wp\/v2\/pages"}],"about":[{"href":"https:\/\/www.parispackagingweek.com\/fr\/wp-json\/wp\/v2\/types\/page"}],"author":[{"embeddable":true,"href":"https:\/\/www.parispackagingweek.com\/fr\/wp-json\/wp\/v2\/users\/1"}],"replies":[{"embeddable":true,"href":"https:\/\/www.parispackagingweek.com\/fr\/wp-json\/wp\/v2\/comments?post=153"}],"version-history":[{"count":5,"href":"https:\/\/www.parispackagingweek.com\/fr\/wp-json\/wp\/v2\/pages\/153\/revisions"}],"predecessor-version":[{"id":487634,"href":"https:\/\/www.parispackagingweek.com\/fr\/wp-json\/wp\/v2\/pages\/153\/revisions\/487634"}],"up":[{"embeddable":true,"href":"https:\/\/www.parispackagingweek.com\/fr\/wp-json\/wp\/v2\/pages\/144"}],"wp:attachment":[{"href":"https:\/\/www.parispackagingweek.com\/fr\/wp-json\/wp\/v2\/media?parent=153"}],"curies":[{"name":"wp","href":"https:\/\/api.w.org\/{rel}","templated":true}]}}