{"id":1628,"date":"2021-11-17T16:34:05","date_gmt":"2021-11-17T15:34:05","guid":{"rendered":"https:\/\/www.parispackagingweek.com\/?page_id=1628"},"modified":"2021-11-26T13:06:05","modified_gmt":"2021-11-26T12:06:05","slug":"cookie-policy","status":"publish","type":"page","link":"https:\/\/www.parispackagingweek.com\/fr\/cookie-policy\/","title":{"rendered":"Cookie Policy"},"content":{"rendered":"\t\t<div data-elementor-type=\"wp-page\" data-elementor-id=\"1628\" class=\"elementor elementor-1628\" data-elementor-post-type=\"page\">\n\t\t\t\t\t\t<section class=\"elementor-section elementor-top-section elementor-element elementor-element-bc4459a elementor-section-full_width elementor-section-height-default elementor-section-height-default\" data-id=\"bc4459a\" data-element_type=\"section\">\n\t\t\t\t\t\t<div class=\"elementor-container elementor-column-gap-custom\">\n\t\t\t\t\t<div class=\"elementor-column elementor-col-100 elementor-top-column elementor-element elementor-element-f06d08c\" data-id=\"f06d08c\" data-element_type=\"column\">\n\t\t\t<div class=\"elementor-widget-wrap elementor-element-populated\">\n\t\t\t\t\t\t<div class=\"elementor-element elementor-element-5a16422 elementor-widget elementor-widget-heading\" data-id=\"5a16422\" data-element_type=\"widget\" data-widget_type=\"heading.default\">\n\t\t\t\t<div class=\"elementor-widget-container\">\n\t\t\t\t\t<h2 class=\"elementor-heading-title elementor-size-default\">Ce site utilise des cookies<\/h2>\t\t\t\t<\/div>\n\t\t\t\t<\/div>\n\t\t\t\t<div class=\"elementor-element elementor-element-23ce591 elementor-widget elementor-widget-text-editor\" data-id=\"23ce591\" data-element_type=\"widget\" data-widget_type=\"text-editor.default\">\n\t\t\t\t<div class=\"elementor-widget-container\">\n\t\t\t\t\t\t\t\t\t<div class=\"elementor-element elementor-element-44a115fb elementor-widget elementor-widget-text-editor\" data-id=\"44a115fb\" data-element_type=\"widget\" data-widget_type=\"text-editor.default\"><div class=\"elementor-widget-container\"><div class=\"elementor-text-editor elementor-clearfix\"><p>Ce sont de petits fichiers texte plac\u00e9s sur votre ordinateur pour aider les sites internet \u00e0 offrir une meilleure exp\u00e9rience utilisateur. Les cookies sont utilis\u00e9s pour am\u00e9liorer votre exp\u00e9rience de navigation sur le site internet, tout en conservant vos pr\u00e9f\u00e9rences, en diffusant des publicit\u00e9s adapt\u00e9es et en fournissant des donn\u00e9es de suivi anonymes \u00e0 des applications tierces comme Google Analytics.<\/p><p>Pour plus d\u2019informations sur la mani\u00e8re dont nous collectons et utilisons les cookies, veuillez consulter notre\u00a0politique de confidentialit\u00e9.<\/p><\/div><div class=\"elementor-element elementor-element-663e981 elementor-widget elementor-widget-text-editor\" data-id=\"663e981\" data-element_type=\"widget\" data-widget_type=\"text-editor.default\"><div class=\"elementor-widget-container\"><div class=\"elementor-text-editor elementor-clearfix\"><h4><b>Google Analytics<\/b><\/h4><\/div><\/div><\/div><div class=\"elementor-element elementor-element-7e1cb511 elementor-widget elementor-widget-text-editor\" data-id=\"7e1cb511\" data-element_type=\"widget\" data-widget_type=\"text-editor.default\"><div class=\"elementor-widget-container\"><div class=\"elementor-text-editor elementor-clearfix\"><p>Ce site internet utilise Google Analytics, un service propos\u00e9 par Google Inc., dans l\u2019objectif d\u2019analyser les donn\u00e9es du site internet. Les informations g\u00e9n\u00e9r\u00e9es et provenant de Google Analytics concernent votre utilisation de ce site internet (y compris votre adresse IP), et seront transmises et stock\u00e9es sur un serveur aux Etats-Unis. Google utilisera ces donn\u00e9es seulement qu\u2019\u00e0 des fins d\u2019analyse de l\u2019utilisation du site internet, par exemple avec la cr\u00e9ation de graphiques sur le nombre de visites et le nombre de pages consult\u00e9es par les utilisateurs, etc \u2026 Nous utilisons des analyses pour nos propres recherches marketing, l\u2019optimisation de sites Web et la publicit\u00e9 de remarketing pour nous-m\u00eames et nos partenaires. Vous trouverez de plus amples informations sur les technologies employ\u00e9es par Google \u00e0 l\u2019adresse suivante\u00a0<a href=\"https:\/\/marketingplatform.google.com\/about\/analytics\/\" target=\"_blank\" rel=\"noopener\">www.google.com\/analytics.<\/a><\/p><\/div><\/div><\/div><\/div><\/div><div class=\"elementor-element elementor-element-663e981 elementor-widget elementor-widget-text-editor\" data-id=\"663e981\" data-element_type=\"widget\" data-widget_type=\"text-editor.default\"><div class=\"elementor-widget-container\"><div class=\"elementor-text-editor elementor-clearfix\">\u00a0<\/div><\/div><\/div>\t\t\t\t\t\t\t\t<\/div>\n\t\t\t\t<\/div>\n\t\t\t\t<section class=\"elementor-section elementor-inner-section elementor-element elementor-element-a55d29b elementor-section-full_width elementor-hidden-desktop elementor-hidden-tablet elementor-hidden-mobile elementor-section-height-default elementor-section-height-default\" data-id=\"a55d29b\" data-element_type=\"section\">\n\t\t\t\t\t\t<div class=\"elementor-container elementor-column-gap-default\">\n\t\t\t\t\t<div class=\"elementor-column elementor-col-20 elementor-inner-column elementor-element elementor-element-f77dece\" data-id=\"f77dece\" data-element_type=\"column\">\n\t\t\t<div class=\"elementor-widget-wrap elementor-element-populated\">\n\t\t\t\t\t\t<div class=\"elementor-element elementor-element-edb89d7 elementor-invisible elementor-widget elementor-widget-image\" data-id=\"edb89d7\" data-element_type=\"widget\" data-settings=\"{&quot;_animation&quot;:&quot;fadeIn&quot;}\" data-widget_type=\"image.default\">\n\t\t\t\t<div class=\"elementor-widget-container\">\n\t\t\t\t\t\t\t\t\t\t\t\t\t\t\t<img fetchpriority=\"high\" decoding=\"async\" width=\"500\" height=\"394\" src=\"https:\/\/easyfairsassets.com\/sites\/61\/2021\/11\/LogosSuzPackRebrand__0003_NBS1483_EASYFAIRS_PACK_PREM_LOGO_RGB.png\" class=\"elementor-animation-grow attachment-full size-full wp-image-257\" alt=\"\" srcset=\"https:\/\/easyfairsassets.com\/sites\/61\/2021\/11\/LogosSuzPackRebrand__0003_NBS1483_EASYFAIRS_PACK_PREM_LOGO_RGB.png 500w, https:\/\/easyfairsassets.com\/sites\/61\/2021\/11\/LogosSuzPackRebrand__0003_NBS1483_EASYFAIRS_PACK_PREM_LOGO_RGB-300x236.png 300w\" sizes=\"(max-width: 500px) 100vw, 500px\" \/>\t\t\t\t\t\t\t\t\t\t\t\t\t\t\t<\/div>\n\t\t\t\t<\/div>\n\t\t\t\t<div class=\"elementor-element elementor-element-1895300 elementor-widget elementor-widget-text-editor\" data-id=\"1895300\" data-element_type=\"widget\" data-widget_type=\"text-editor.default\">\n\t\t\t\t<div class=\"elementor-widget-container\">\n\t\t\t\t\t\t\t\t\t<p><b>Packaging Premi\u00e8re<\/b>, first launched in Milan in 2017,<b>\u00a0<\/b>has developed an unrivalled position connecting buyers and manufacturers of packaging for\u00a0<b>luxury products, <\/b>with a particular focus on <b>fashion, accessories <\/b>and <b>retail.<\/b>\u00a0<\/p>\t\t\t\t\t\t\t\t<\/div>\n\t\t\t\t<\/div>\n\t\t\t\t\t<\/div>\n\t\t<\/div>\n\t\t\t\t<div class=\"elementor-column elementor-col-20 elementor-inner-column elementor-element elementor-element-8ff936f\" data-id=\"8ff936f\" data-element_type=\"column\">\n\t\t\t<div class=\"elementor-widget-wrap elementor-element-populated\">\n\t\t\t\t\t\t<div class=\"elementor-element elementor-element-3fdfdf5 elementor-invisible elementor-widget elementor-widget-image\" data-id=\"3fdfdf5\" data-element_type=\"widget\" data-settings=\"{&quot;_animation&quot;:&quot;fadeIn&quot;}\" data-widget_type=\"image.default\">\n\t\t\t\t<div class=\"elementor-widget-container\">\n\t\t\t\t\t\t\t\t\t\t\t\t\t\t\t<img decoding=\"async\" width=\"1200\" height=\"1034\" src=\"https:\/\/easyfairsassets.com\/sites\/61\/2021\/11\/NBS1483_EASYFAIRS_ADF_LOGO_RGB-1.png\" class=\"elementor-animation-grow attachment-full size-full wp-image-591\" alt=\"\" srcset=\"https:\/\/easyfairsassets.com\/sites\/61\/2021\/11\/NBS1483_EASYFAIRS_ADF_LOGO_RGB-1.png 1200w, https:\/\/easyfairsassets.com\/sites\/61\/2021\/11\/NBS1483_EASYFAIRS_ADF_LOGO_RGB-1-300x259.png 300w, https:\/\/easyfairsassets.com\/sites\/61\/2021\/11\/NBS1483_EASYFAIRS_ADF_LOGO_RGB-1-1024x882.png 1024w, https:\/\/easyfairsassets.com\/sites\/61\/2021\/11\/NBS1483_EASYFAIRS_ADF_LOGO_RGB-1-768x662.png 768w\" sizes=\"(max-width: 1200px) 100vw, 1200px\" \/>\t\t\t\t\t\t\t\t\t\t\t\t\t\t\t<\/div>\n\t\t\t\t<\/div>\n\t\t\t\t<div class=\"elementor-element elementor-element-0099576 elementor-widget elementor-widget-text-editor\" data-id=\"0099576\" data-element_type=\"widget\" data-widget_type=\"text-editor.default\">\n\t\t\t\t<div class=\"elementor-widget-container\">\n\t\t\t\t\t\t\t\t\t<p>Since its launch in Paris in 2001, <b>PCD <\/b>has become the world\u2019s premier event brand for the <b>perfume, cosmetics <\/b>and <b>personal care\u00a0<\/b>packaging community, connecting suppliers with designers and developers at the world&rsquo;s biggest beauty brands..\u00a0<\/p>\t\t\t\t\t\t\t\t<\/div>\n\t\t\t\t<\/div>\n\t\t\t\t\t<\/div>\n\t\t<\/div>\n\t\t\t\t<div class=\"elementor-column elementor-col-20 elementor-inner-column elementor-element elementor-element-98112d4\" data-id=\"98112d4\" data-element_type=\"column\">\n\t\t\t<div class=\"elementor-widget-wrap elementor-element-populated\">\n\t\t\t\t\t\t<div class=\"elementor-element elementor-element-d11d9c9 elementor-invisible elementor-widget elementor-widget-image\" data-id=\"d11d9c9\" data-element_type=\"widget\" data-settings=\"{&quot;_animation&quot;:&quot;fadeIn&quot;}\" data-widget_type=\"image.default\">\n\t\t\t\t<div class=\"elementor-widget-container\">\n\t\t\t\t\t\t\t\t\t\t\t\t\t\t\t<img decoding=\"async\" width=\"500\" height=\"394\" src=\"https:\/\/easyfairsassets.com\/sites\/61\/2021\/11\/LogosSuzPackRebrand__0002_NBS1483_EASYFAIRS_PCD_LOGO_RGB.png\" class=\"elementor-animation-grow attachment-full size-full wp-image-359\" alt=\"\" srcset=\"https:\/\/easyfairsassets.com\/sites\/61\/2021\/11\/LogosSuzPackRebrand__0002_NBS1483_EASYFAIRS_PCD_LOGO_RGB.png 500w, https:\/\/easyfairsassets.com\/sites\/61\/2021\/11\/LogosSuzPackRebrand__0002_NBS1483_EASYFAIRS_PCD_LOGO_RGB-300x236.png 300w\" sizes=\"(max-width: 500px) 100vw, 500px\" \/>\t\t\t\t\t\t\t\t\t\t\t\t\t\t\t<\/div>\n\t\t\t\t<\/div>\n\t\t\t\t<div class=\"elementor-element elementor-element-c75bad1 elementor-widget elementor-widget-text-editor\" data-id=\"c75bad1\" data-element_type=\"widget\" data-widget_type=\"text-editor.default\">\n\t\t\t\t<div class=\"elementor-widget-container\">\n\t\t\t\t\t\t\t\t\t<p>Since its launch in Paris in 2001, <b>PCD <\/b>has become the world\u2019s premier event brand for the <b>perfume, cosmetics <\/b>and <b>personal care\u00a0<\/b>packaging community, connecting suppliers with designers and developers at the world&rsquo;s biggest beauty brands..\u00a0<\/p>\t\t\t\t\t\t\t\t<\/div>\n\t\t\t\t<\/div>\n\t\t\t\t\t<\/div>\n\t\t<\/div>\n\t\t\t\t<div class=\"elementor-column elementor-col-20 elementor-inner-column elementor-element elementor-element-761a3ac\" data-id=\"761a3ac\" data-element_type=\"column\">\n\t\t\t<div class=\"elementor-widget-wrap elementor-element-populated\">\n\t\t\t\t\t\t<div class=\"elementor-element elementor-element-9470a84 elementor-invisible elementor-widget elementor-widget-image\" data-id=\"9470a84\" data-element_type=\"widget\" data-settings=\"{&quot;_animation&quot;:&quot;fadeIn&quot;}\" data-widget_type=\"image.default\">\n\t\t\t\t<div class=\"elementor-widget-container\">\n\t\t\t\t\t\t\t\t\t\t\t\t\t\t\t<img loading=\"lazy\" decoding=\"async\" width=\"500\" height=\"394\" src=\"https:\/\/easyfairsassets.com\/sites\/61\/2021\/11\/LogosSuzPackRebrand__0000_NBS1483_EASYFAIRS_PLD_LOGO_RGB.png\" class=\"elementor-animation-grow attachment-full size-full wp-image-361\" alt=\"\" srcset=\"https:\/\/easyfairsassets.com\/sites\/61\/2021\/11\/LogosSuzPackRebrand__0000_NBS1483_EASYFAIRS_PLD_LOGO_RGB.png 500w, https:\/\/easyfairsassets.com\/sites\/61\/2021\/11\/LogosSuzPackRebrand__0000_NBS1483_EASYFAIRS_PLD_LOGO_RGB-300x236.png 300w\" sizes=\"(max-width: 500px) 100vw, 500px\" \/>\t\t\t\t\t\t\t\t\t\t\t\t\t\t\t<\/div>\n\t\t\t\t<\/div>\n\t\t\t\t<div class=\"elementor-element elementor-element-4603f74 elementor-widget elementor-widget-text-editor\" data-id=\"4603f74\" data-element_type=\"widget\" data-widget_type=\"text-editor.default\">\n\t\t\t\t<div class=\"elementor-widget-container\">\n\t\t\t\t\t\t\t\t\t<p><b>PLD <\/b>first launched in Paris in 2020 and its London edition will connect packaging developers, designers and suppliers for all types of <b>premium and luxury drinks<\/b> &#8211; from <b>wine<\/b> and <b>spirits<\/b> to <b>premium beers<\/b> and <b>soft drinks<\/b>.<\/p>\t\t\t\t\t\t\t\t<\/div>\n\t\t\t\t<\/div>\n\t\t\t\t\t<\/div>\n\t\t<\/div>\n\t\t\t\t<div class=\"elementor-column elementor-col-20 elementor-inner-column elementor-element elementor-element-1a72319\" data-id=\"1a72319\" data-element_type=\"column\">\n\t\t\t<div class=\"elementor-widget-wrap elementor-element-populated\">\n\t\t\t\t\t\t<div class=\"elementor-element elementor-element-5550841 elementor-invisible elementor-widget elementor-widget-image\" data-id=\"5550841\" data-element_type=\"widget\" data-settings=\"{&quot;_animation&quot;:&quot;fadeIn&quot;}\" data-widget_type=\"image.default\">\n\t\t\t\t<div class=\"elementor-widget-container\">\n\t\t\t\t\t\t\t\t\t\t\t\t\t\t\t<img loading=\"lazy\" decoding=\"async\" width=\"500\" height=\"394\" src=\"https:\/\/easyfairsassets.com\/sites\/61\/2021\/11\/LogosSuzPackRebrand__0004_NBS1483_EASYFAIRS_FOOD_CONSUMER_PACK_LOGO_RGB.png\" class=\"elementor-animation-grow attachment-full size-full wp-image-363\" alt=\"\" srcset=\"https:\/\/easyfairsassets.com\/sites\/61\/2021\/11\/LogosSuzPackRebrand__0004_NBS1483_EASYFAIRS_FOOD_CONSUMER_PACK_LOGO_RGB.png 500w, https:\/\/easyfairsassets.com\/sites\/61\/2021\/11\/LogosSuzPackRebrand__0004_NBS1483_EASYFAIRS_FOOD_CONSUMER_PACK_LOGO_RGB-300x236.png 300w\" sizes=\"(max-width: 500px) 100vw, 500px\" \/>\t\t\t\t\t\t\t\t\t\t\t\t\t\t\t<\/div>\n\t\t\t\t<\/div>\n\t\t\t\t<div class=\"elementor-element elementor-element-61bf685 elementor-widget elementor-widget-text-editor\" data-id=\"61bf685\" data-element_type=\"widget\" data-widget_type=\"text-editor.default\">\n\t\t\t\t<div class=\"elementor-widget-container\">\n\t\t\t\t\t\t\t\t\t<p><b>Food &amp; Consumer Pack<\/b> is the newest event brand at London Packaging Week and is designed to drive packaging innovation and business across the \u00a3200bn market of everyday <b>food<\/b>, <b>drinks <\/b>and <b>FMCG products<\/b>.\u00a0<\/p>\t\t\t\t\t\t\t\t<\/div>\n\t\t\t\t<\/div>\n\t\t\t\t\t<\/div>\n\t\t<\/div>\n\t\t\t\t\t<\/div>\n\t\t<\/section>\n\t\t\t\t<div class=\"elementor-element elementor-element-eb3845b elementor-align-center elementor-hidden-desktop elementor-hidden-tablet elementor-hidden-mobile elementor-widget elementor-widget-dynamic-button\" data-id=\"eb3845b\" data-element_type=\"widget\" data-settings=\"{&quot;_animation&quot;:&quot;none&quot;}\" data-widget_type=\"dynamic-button.default\">\n\t\t\t\t<div class=\"elementor-widget-container\">\n\t\t\t\t\t        <div class=\"elementor-button-wrapper\">\n            <a href=\"https:\/\/\" class=\"elementor-button-link elementor-button elementor-size-sm elementor-animation-grow\" role=\"button\">\n                        <span class=\"elementor-button-content-wrapper\">\n\t\t\t                <span class=\"elementor-button-icon elementor-align-icon-right\">\n\t\t\t\t<i aria-hidden=\"true\" class=\"fas fa-angle-right\"><\/i>\t\t\t<\/span>\n            \t\t\t<span class=\"elementor-button-text\">REGISTER YOUR INTEREST<\/span>\n\t\t<\/span>\n                    <\/a>\n        <\/div>\n        \t\t\t\t<\/div>\n\t\t\t\t<\/div>\n\t\t\t\t\t<\/div>\n\t\t<\/div>\n\t\t\t\t\t<\/div>\n\t\t<\/section>\n\t\t\t\t<\/div>\n\t\t","protected":false},"excerpt":{"rendered":"<p>Cookie policy This website uses cookies&nbsp; These are small text files that placed on your machine to help the website provide a better user experience. Cookies are used to improve your website browsing experience by retaining user preferences, delivering relevant advertising and providing anonymous tracking data to third party applications like Google Analytics. If you [&hellip;]<\/p>\n","protected":false},"author":1,"featured_media":0,"parent":0,"menu_order":0,"comment_status":"closed","ping_status":"closed","template":"","meta":{"_seopress_robots_primary_cat":"","_seopress_titles_title":"Paris Packaging Week | Cookie Policy ","_seopress_titles_desc":"Ce site utilise des cookies","_seopress_robots_index":"","footnotes":""},"class_list":["post-1628","page","type-page","status-publish","hentry"],"_links":{"self":[{"href":"https:\/\/www.parispackagingweek.com\/fr\/wp-json\/wp\/v2\/pages\/1628","targetHints":{"allow":["GET"]}}],"collection":[{"href":"https:\/\/www.parispackagingweek.com\/fr\/wp-json\/wp\/v2\/pages"}],"about":[{"href":"https:\/\/www.parispackagingweek.com\/fr\/wp-json\/wp\/v2\/types\/page"}],"author":[{"embeddable":true,"href":"https:\/\/www.parispackagingweek.com\/fr\/wp-json\/wp\/v2\/users\/1"}],"replies":[{"embeddable":true,"href":"https:\/\/www.parispackagingweek.com\/fr\/wp-json\/wp\/v2\/comments?post=1628"}],"version-history":[{"count":11,"href":"https:\/\/www.parispackagingweek.com\/fr\/wp-json\/wp\/v2\/pages\/1628\/revisions"}],"predecessor-version":[{"id":64853,"href":"https:\/\/www.parispackagingweek.com\/fr\/wp-json\/wp\/v2\/pages\/1628\/revisions\/64853"}],"wp:attachment":[{"href":"https:\/\/www.parispackagingweek.com\/fr\/wp-json\/wp\/v2\/media?parent=1628"}],"curies":[{"name":"wp","href":"https:\/\/api.w.org\/{rel}","templated":true}]}}