{"id":494856,"date":"2026-01-30T12:03:36","date_gmt":"2026-01-30T11:03:36","guid":{"rendered":"https:\/\/www.parispackagingweek.com\/?page_id=494856"},"modified":"2026-03-10T12:40:42","modified_gmt":"2026-03-10T11:40:42","slug":"faux-vendeurs-et-propriete-intellectuelle","status":"publish","type":"page","link":"https:\/\/www.parispackagingweek.com\/fr\/exposer\/faux-vendeurs-et-propriete-intellectuelle\/","title":{"rendered":"Faux vendeurs et propri\u00e9t\u00e9 intellectuelle"},"content":{"rendered":"\t\t<div data-elementor-type=\"wp-page\" data-elementor-id=\"494856\" class=\"elementor elementor-494856\" data-elementor-post-type=\"page\">\n\t\t\t\t\t\t<section class=\"elementor-section elementor-top-section elementor-element elementor-element-b434e58 elementor-section-full_width elementor-section-height-default elementor-section-height-default\" data-id=\"b434e58\" data-element_type=\"section\" data-settings=\"{&quot;background_background&quot;:&quot;classic&quot;,&quot;background_motion_fx_motion_fx_scrolling&quot;:&quot;yes&quot;,&quot;background_motion_fx_devices&quot;:[&quot;desktop&quot;,&quot;tablet&quot;,&quot;mobile&quot;]}\">\n\t\t\t\t\t\t\t<div class=\"elementor-background-overlay\"><\/div>\n\t\t\t\t\t\t\t<div class=\"elementor-container elementor-column-gap-default\">\n\t\t\t\t\t<div class=\"elementor-column elementor-col-100 elementor-top-column elementor-element elementor-element-4b91089\" data-id=\"4b91089\" data-element_type=\"column\">\n\t\t\t<div class=\"elementor-widget-wrap elementor-element-populated\">\n\t\t\t\t\t\t<div class=\"elementor-element elementor-element-a8bca0f elementor-widget elementor-widget-heading\" data-id=\"a8bca0f\" data-element_type=\"widget\" data-widget_type=\"heading.default\">\n\t\t\t\t<div class=\"elementor-widget-container\">\n\t\t\t\t\t<h1 class=\"elementor-heading-title elementor-size-default\">Faux vendeurs et propri\u00e9t\u00e9 intellectuelle<\/h1>\t\t\t\t<\/div>\n\t\t\t\t<\/div>\n\t\t\t\t\t<\/div>\n\t\t<\/div>\n\t\t\t\t\t<\/div>\n\t\t<\/section>\n\t\t\t\t<section class=\"elementor-section elementor-top-section elementor-element elementor-element-dc3abca elementor-section-full_width elementor-section-height-default elementor-section-height-default\" data-id=\"dc3abca\" data-element_type=\"section\" data-settings=\"{&quot;background_background&quot;:&quot;classic&quot;,&quot;background_motion_fx_motion_fx_scrolling&quot;:&quot;yes&quot;,&quot;background_motion_fx_devices&quot;:[&quot;desktop&quot;,&quot;tablet&quot;,&quot;mobile&quot;]}\">\n\t\t\t\t\t\t\t<div class=\"elementor-background-overlay\"><\/div>\n\t\t\t\t\t\t\t<div class=\"elementor-container elementor-column-gap-default\">\n\t\t\t\t\t<div class=\"elementor-column elementor-col-50 elementor-top-column elementor-element elementor-element-09a5bcc\" data-id=\"09a5bcc\" data-element_type=\"column\">\n\t\t\t<div class=\"elementor-widget-wrap elementor-element-populated\">\n\t\t\t\t\t\t<div class=\"elementor-element elementor-element-ad24f0f elementor-widget elementor-widget-heading\" data-id=\"ad24f0f\" data-element_type=\"widget\" data-widget_type=\"heading.default\">\n\t\t\t\t<div class=\"elementor-widget-container\">\n\t\t\t\t\t<h2 class=\"elementor-heading-title elementor-size-default\">Faux vendeurs\n<\/h2>\t\t\t\t<\/div>\n\t\t\t\t<\/div>\n\t\t\t\t<div class=\"elementor-element elementor-element-3341212 elementor-widget elementor-widget-text-editor\" data-id=\"3341212\" data-element_type=\"widget\" data-widget_type=\"text-editor.default\">\n\t\t\t\t<div class=\"elementor-widget-container\">\n\t\t\t\t\t\t\t\t\t<div class=\"elementor-element elementor-element-f016bd9 elementor-widget elementor-widget-text-editor\" data-id=\"f016bd9\" data-element_type=\"widget\" data-widget_type=\"text-editor.default\"><div class=\"elementor-widget-container\"><div class=\"elementor-text-editor elementor-clearfix\"><p><strong>Attention aux faux vendeurs de listes et aux escroqueries similaires !<\/strong><br \/>Easyfairs attire votre attention sur les offres frauduleuses de liste de donn\u00e9es et autres \u00ab\u00a0services\u00a0\u00bb que vous pouvez recevoir par le biais d&rsquo;e-mails non sollicit\u00e9s.<\/p><p><strong>Si vous recevez une telle communication, elle est certainement frauduleuse et ne provient pas d&rsquo;Easyfairs. Easyfairs ne vend jamais les donn\u00e9es de ses visiteurs \u00e0 des tiers. <\/strong>Les donn\u00e9es fournies par ces entreprises sont la plupart du temps inexactes, incompl\u00e8tes, de mauvaise qualit\u00e9 ou m\u00eame fausses et\/ou ont \u00e9t\u00e9 collect\u00e9es ou acquises en violation du R\u00e8glement G\u00e9n\u00e9ral sur la Protection des Donn\u00e9es (RGPD).<br \/>Toute utilisation par ces entreprises au nom d&rsquo;Easyfairs ou de Paris Packaging Week se fait sans notre autorisation et est ill\u00e9gale.<\/p><p><strong>Ne r\u00e9pondez pas \u00e0 ces emails. Vous ne devez en aucun cas effectuer des paiements aux entreprises qui se cachent derri\u00e8re ces messages. <\/strong>Veuillez informer Easyfairs si vous recevez de telles sollicitations afin que nous puissions en avertir les autres.<\/p><\/div><\/div><\/div>\t\t\t\t\t\t\t\t<\/div>\n\t\t\t\t<\/div>\n\t\t\t\t<div class=\"elementor-element elementor-element-754d27d elementor-align-left elementor-widget elementor-widget-dynamic-button\" data-id=\"754d27d\" data-element_type=\"widget\" data-widget_type=\"dynamic-button.default\">\n\t\t\t\t<div class=\"elementor-widget-container\">\n\t\t\t\t\t        <div class=\"elementor-button-wrapper\">\n            <a href=\"mailto:\/\/iman.pignatelli@easyfairs.com\" target=\"_blank\" class=\"elementor-button-link elementor-button elementor-size-xl\" role=\"button\">\n                        <span class=\"elementor-button-content-wrapper\">\n\t\t\t                <span class=\"elementor-button-icon elementor-align-icon-right\">\n\t\t\t\t<i aria-hidden=\"true\" class=\"fas fa-chevron-right\"><\/i>\t\t\t<\/span>\n            \t\t\t<span class=\"elementor-button-text\">NOUS INFORMER<\/span>\n\t\t<\/span>\n                    <\/a>\n        <\/div>\n        \t\t\t\t<\/div>\n\t\t\t\t<\/div>\n\t\t\t\t\t<\/div>\n\t\t<\/div>\n\t\t\t\t<div class=\"elementor-column elementor-col-50 elementor-top-column elementor-element elementor-element-bf567ff\" data-id=\"bf567ff\" data-element_type=\"column\" data-settings=\"{&quot;background_background&quot;:&quot;classic&quot;}\">\n\t\t\t<div class=\"elementor-widget-wrap elementor-element-populated\">\n\t\t\t\t\t<div class=\"elementor-background-overlay\"><\/div>\n\t\t\t\t\t\t<div class=\"elementor-element elementor-element-f0f2d07 elementor-widget elementor-widget-video\" data-id=\"f0f2d07\" data-element_type=\"widget\" data-settings=\"{&quot;youtube_url&quot;:&quot;https:\\\/\\\/www.youtube.com\\\/watch?v=n9k-nmjQlG0&quot;,&quot;video_type&quot;:&quot;youtube&quot;,&quot;controls&quot;:&quot;yes&quot;}\" data-widget_type=\"video.default\">\n\t\t\t\t<div class=\"elementor-widget-container\">\n\t\t\t\t\t\t\t<div class=\"elementor-wrapper elementor-open-inline\">\n\t\t\t<div class=\"elementor-video\"><\/div>\t\t<\/div>\n\t\t\t\t\t\t<\/div>\n\t\t\t\t<\/div>\n\t\t\t\t\t<\/div>\n\t\t<\/div>\n\t\t\t\t\t<\/div>\n\t\t<\/section>\n\t\t\t\t<section class=\"elementor-section elementor-top-section elementor-element elementor-element-f2c3477 elementor-section-full_width elementor-section-height-default elementor-section-height-default\" data-id=\"f2c3477\" data-element_type=\"section\" data-settings=\"{&quot;background_background&quot;:&quot;classic&quot;,&quot;background_motion_fx_motion_fx_scrolling&quot;:&quot;yes&quot;,&quot;background_motion_fx_devices&quot;:[&quot;desktop&quot;,&quot;tablet&quot;,&quot;mobile&quot;]}\">\n\t\t\t\t\t\t\t<div class=\"elementor-background-overlay\"><\/div>\n\t\t\t\t\t\t\t<div class=\"elementor-container elementor-column-gap-default\">\n\t\t\t\t\t<div class=\"elementor-column elementor-col-100 elementor-top-column elementor-element elementor-element-f83109d\" data-id=\"f83109d\" data-element_type=\"column\">\n\t\t\t<div class=\"elementor-widget-wrap elementor-element-populated\">\n\t\t\t\t\t\t<div class=\"elementor-element elementor-element-c5e80c7 elementor-widget elementor-widget-heading\" data-id=\"c5e80c7\" data-element_type=\"widget\" data-widget_type=\"heading.default\">\n\t\t\t\t<div class=\"elementor-widget-container\">\n\t\t\t\t\t<h2 class=\"elementor-heading-title elementor-size-default\">Propri\u00e9t\u00e9 intellectuelle<\/h2>\t\t\t\t<\/div>\n\t\t\t\t<\/div>\n\t\t\t\t<div class=\"elementor-element elementor-element-23d9661 elementor-widget elementor-widget-text-editor\" data-id=\"23d9661\" data-element_type=\"widget\" data-widget_type=\"text-editor.default\">\n\t\t\t\t<div class=\"elementor-widget-container\">\n\t\t\t\t\t\t\t\t\t<div data-id=\"f016bd9\" data-element_type=\"widget\" data-widget_type=\"text-editor.default\"><div><div><p>Nous accordons une grande importance \u00e0 la cr\u00e9ation d\u2019un environnement de qualit\u00e9 pour nos exposants et nos visiteurs. Le maintien de cet environnement repose notamment sur le respect de normes \u00e9lev\u00e9es exig\u00e9es de nos exposants dans le cadre de leur participation.<\/p><p><span lang=\"FR\">Ces normes incluent le respect des droits de propri\u00e9t\u00e9 intellectuelle (DPI) de tiers. Chaque exposant est tenu de pr\u00e9senter uniquement des produits et services dont il d\u00e9tient les droits de propri\u00e9t\u00e9 intellectuelle ou pour lesquels il dispose d\u2019un droit d\u2019utilisation valable. La promotion de produits ou de services pour lesquels l\u2019exposant ne d\u00e9tient pas les DPI ou ne dispose pas du droit de les utiliser ne sera pas tol\u00e9r\u00e9e.<\/span><\/p><p>Si une telle atteinte (ou tentative ou suspicion d\u2019atteinte) des DPI d\u2019un tiers est port\u00e9e \u00e0 notre connaissance, nous prendrons les mesures que nous jugeons n\u00e9cessaires et appropri\u00e9es afin de prot\u00e9ger nos exposants, nos visiteurs ainsi que la r\u00e9putation de l\u2019\u00e9v\u00e9nement. Ces mesures peuvent inclure, sans s\u2019y limiter, le retrait d\u2019articles du stand, la fermeture du stand et\/ou l\u2019exclusion de l\u2019exposant des \u00e9v\u00e9nements futurs. Toute d\u00e9cision sera prise \u00e0 la seule discr\u00e9tion de l\u2019organisateur.<\/p><\/div><\/div><\/div>\t\t\t\t\t\t\t\t<\/div>\n\t\t\t\t<\/div>\n\t\t\t\t<div class=\"elementor-element elementor-element-c3cdf6b elementor-align-left elementor-widget elementor-widget-dynamic-button\" data-id=\"c3cdf6b\" data-element_type=\"widget\" data-widget_type=\"dynamic-button.default\">\n\t\t\t\t<div class=\"elementor-widget-container\">\n\t\t\t\t\t        <div class=\"elementor-button-wrapper\">\n            <a href=\"mailto:\/\/iman.pignatelli@easyfairs.com\" target=\"_blank\" class=\"elementor-button-link elementor-button elementor-size-xl\" role=\"button\">\n                        <span class=\"elementor-button-content-wrapper\">\n\t\t\t                <span class=\"elementor-button-icon elementor-align-icon-right\">\n\t\t\t\t<i aria-hidden=\"true\" class=\"fas fa-chevron-right\"><\/i>\t\t\t<\/span>\n            \t\t\t<span class=\"elementor-button-text\">NOUS INFORMER<\/span>\n\t\t<\/span>\n                    <\/a>\n        <\/div>\n        \t\t\t\t<\/div>\n\t\t\t\t<\/div>\n\t\t\t\t\t<\/div>\n\t\t<\/div>\n\t\t\t\t\t<\/div>\n\t\t<\/section>\n\t\t\t\t<section class=\"elementor-section elementor-top-section elementor-element elementor-element-be15008 elementor-section-full_width elementor-section-height-default elementor-section-height-default\" data-id=\"be15008\" data-element_type=\"section\" data-settings=\"{&quot;background_background&quot;:&quot;classic&quot;}\">\n\t\t\t\t\t\t\t<div class=\"elementor-background-overlay\"><\/div>\n\t\t\t\t\t\t\t<div class=\"elementor-container elementor-column-gap-default\">\n\t\t\t\t\t<div class=\"elementor-column elementor-col-50 elementor-top-column elementor-element elementor-element-04866fd\" data-id=\"04866fd\" data-element_type=\"column\">\n\t\t\t<div class=\"elementor-widget-wrap elementor-element-populated\">\n\t\t\t\t\t\t<div class=\"elementor-element elementor-element-a8b2e02 elementor-widget elementor-widget-heading\" data-id=\"a8b2e02\" data-element_type=\"widget\" data-widget_type=\"heading.default\">\n\t\t\t\t<div class=\"elementor-widget-container\">\n\t\t\t\t\t<h3 class=\"elementor-heading-title elementor-size-default\">Contactez l'\u00e9quipe<\/h3>\t\t\t\t<\/div>\n\t\t\t\t<\/div>\n\t\t\t\t\t<\/div>\n\t\t<\/div>\n\t\t\t\t<div class=\"elementor-column elementor-col-50 elementor-top-column elementor-element elementor-element-c7ee7ad\" data-id=\"c7ee7ad\" data-element_type=\"column\">\n\t\t\t<div class=\"elementor-widget-wrap elementor-element-populated\">\n\t\t\t\t\t\t<div class=\"elementor-element elementor-element-6ffa080 elementor-widget elementor-widget-premium-addon-person\" data-id=\"6ffa080\" data-element_type=\"widget\" data-settings=\"{&quot;persons_per_row_tablet&quot;:&quot;33.33%&quot;,&quot;persons_per_row&quot;:&quot;33.33%&quot;,&quot;persons_per_row_mobile&quot;:&quot;100%&quot;}\" data-widget_type=\"premium-addon-person.default\">\n\t\t\t\t<div class=\"elementor-widget-container\">\n\t\t\t\t\t\t\t<div class=\"premium-persons-container premium-person-style2 multiple-persons\" data-persons-equal=\"\">\r\n\t\t\t\t\t\t\t\t<div class=\"premium-person-container premium-person-bright-effect\">\r\n\t\t\t\t\t\t<div class=\"premium-person-image-container\">\r\n\t\t\t\t\t\t<img fetchpriority=\"high\" decoding=\"async\" width=\"500\" height=\"500\" src=\"https:\/\/easyfairsassets.com\/sites\/61\/2024\/04\/Jennifer-Burley.png\" class=\"attachment-full size-full wp-image-350668\" alt=\"Jennifer Burley\" srcset=\"https:\/\/easyfairsassets.com\/sites\/61\/2024\/04\/Jennifer-Burley.png 500w, https:\/\/easyfairsassets.com\/sites\/61\/2024\/04\/Jennifer-Burley-300x300.png 300w, https:\/\/easyfairsassets.com\/sites\/61\/2024\/04\/Jennifer-Burley-150x150.png 150w\" sizes=\"(max-width: 500px) 100vw, 500px\" \/>\t\t\t\t\t\t\t\t\t\t\t\t\t<\/div>\r\n\t\t\t\t\t\t<div class=\"premium-person-info\">\r\n\t\t\t\t\t\t\t\t\t\t<div class=\"premium-person-info-container\">\r\n\t\t\t\t\t\t\t\t\t<h2 class=\"premium-person-name\">Jennifer Burley <\/h2>\r\n\t\t\t\t\t\t\t\t\t\t\t<h4 class=\"premium-person-title\">\r\n\t\t\t\t\t\t\t<span>Co-Directrice du salon<\/span>\r\n\t\t\t\t\t\t<\/h4>\r\n\t\t\t\t\t\t\t\t\t\t\t<div class=\"premium-person-content\">\r\n\t\t\t\t\t\t\t<p><a href=\"mailto:jennifer.burley@easyfairs.com\">jennifer.burley@easyfairs.com<\/a><br \/>+44 (0)20 3196 4433<\/p>\t\t\t\t\t\t<\/div>\r\n\t\t\t\t\t\t\t\t<\/div>\r\n\t\t\t\t\t\t\t\t\t<\/div>\r\n\t\t\t\t\t<\/div>\r\n\t\t\t\t\t\t\t\t\t\t<div class=\"premium-person-container premium-person-bright-effect\">\r\n\t\t\t\t\t\t<div class=\"premium-person-image-container\">\r\n\t\t\t\t\t\t<img decoding=\"async\" width=\"500\" height=\"500\" src=\"https:\/\/easyfairsassets.com\/sites\/61\/2024\/04\/Edwige-Ferrao.png\" class=\"attachment-full size-full wp-image-350732\" alt=\"Edwige Ferrao\" srcset=\"https:\/\/easyfairsassets.com\/sites\/61\/2024\/04\/Edwige-Ferrao.png 500w, https:\/\/easyfairsassets.com\/sites\/61\/2024\/04\/Edwige-Ferrao-300x300.png 300w, https:\/\/easyfairsassets.com\/sites\/61\/2024\/04\/Edwige-Ferrao-150x150.png 150w\" sizes=\"(max-width: 500px) 100vw, 500px\" \/>\t\t\t\t\t\t\t\t\t\t\t\t\t<\/div>\r\n\t\t\t\t\t\t<div class=\"premium-person-info\">\r\n\t\t\t\t\t\t\t\t\t\t<div class=\"premium-person-info-container\">\r\n\t\t\t\t\t\t\t\t\t<h2 class=\"premium-person-name\">Edwige Ferrao<\/h2>\r\n\t\t\t\t\t\t\t\t\t\t\t<h4 class=\"premium-person-title\">\r\n\t\t\t\t\t\t\t<span>Chef des ventes<\/span>\r\n\t\t\t\t\t\t<\/h4>\r\n\t\t\t\t\t\t\t\t\t\t\t<div class=\"premium-person-content\">\r\n\t\t\t\t\t\t\t<p><a href=\"mailto:edwige.ferrao@easyfairs.com\">edwige.ferrao@easyfairs.com<\/a><br \/>+44 (0)20 3196 4435<\/p>\t\t\t\t\t\t<\/div>\r\n\t\t\t\t\t\t\t\t<\/div>\r\n\t\t\t\t\t\t\t\t\t<\/div>\r\n\t\t\t\t\t<\/div>\r\n\t\t\t\t\t\t\t<\/div>\r\n\t\t\t\t\t\t<\/div>\n\t\t\t\t<\/div>\n\t\t\t\t\t<\/div>\n\t\t<\/div>\n\t\t\t\t\t<\/div>\n\t\t<\/section>\n\t\t\t\t<\/div>\n\t\t","protected":false},"excerpt":{"rendered":"<p>Faux vendeurs et propri\u00e9t\u00e9 intellectuelle Faux vendeurs Attention aux faux vendeurs de listes et aux escroqueries similaires !Easyfairs attire votre attention sur les offres frauduleuses de liste de donn\u00e9es et autres \u00ab\u00a0services\u00a0\u00bb que vous pouvez recevoir par le biais d&rsquo;e-mails non sollicit\u00e9s. Si vous recevez une telle communication, elle est certainement frauduleuse et ne provient [&hellip;]<\/p>\n","protected":false},"author":155,"featured_media":0,"parent":94,"menu_order":0,"comment_status":"closed","ping_status":"closed","template":"","meta":{"_seopress_robots_primary_cat":"","_seopress_titles_title":"Paris Packaging Week | Exposer","_seopress_titles_desc":"Le salon id\u00e9al pour lancer et promouvoir votre gamme de produits sur le march\u00e9 des cosm\u00e9tiques, luxe, boissons et a\u00e9rosols.","_seopress_robots_index":"","footnotes":""},"class_list":["post-494856","page","type-page","status-publish","hentry"],"_links":{"self":[{"href":"https:\/\/www.parispackagingweek.com\/fr\/wp-json\/wp\/v2\/pages\/494856","targetHints":{"allow":["GET"]}}],"collection":[{"href":"https:\/\/www.parispackagingweek.com\/fr\/wp-json\/wp\/v2\/pages"}],"about":[{"href":"https:\/\/www.parispackagingweek.com\/fr\/wp-json\/wp\/v2\/types\/page"}],"author":[{"embeddable":true,"href":"https:\/\/www.parispackagingweek.com\/fr\/wp-json\/wp\/v2\/users\/155"}],"replies":[{"embeddable":true,"href":"https:\/\/www.parispackagingweek.com\/fr\/wp-json\/wp\/v2\/comments?post=494856"}],"version-history":[{"count":5,"href":"https:\/\/www.parispackagingweek.com\/fr\/wp-json\/wp\/v2\/pages\/494856\/revisions"}],"predecessor-version":[{"id":498251,"href":"https:\/\/www.parispackagingweek.com\/fr\/wp-json\/wp\/v2\/pages\/494856\/revisions\/498251"}],"up":[{"embeddable":true,"href":"https:\/\/www.parispackagingweek.com\/fr\/wp-json\/wp\/v2\/pages\/94"}],"wp:attachment":[{"href":"https:\/\/www.parispackagingweek.com\/fr\/wp-json\/wp\/v2\/media?parent=494856"}],"curies":[{"name":"wp","href":"https:\/\/api.w.org\/{rel}","templated":true}]}}